{"id":134,"date":"2013-09-05T11:21:50","date_gmt":"2013-09-05T15:21:50","guid":{"rendered":"http:\/\/www.laclassedelucie.com\/?page_id=134"},"modified":"2022-07-04T23:36:12","modified_gmt":"2022-07-04T23:36:12","slug":"les-difficultes-dapprentissage","status":"publish","type":"page","link":"https:\/\/www.laclassedelucie.com\/?page_id=134","title":{"rendered":"Les difficult\u00e9s d&rsquo;apprentissage"},"content":{"rendered":"<p>Avant de plonger dans le vif du sujet, je souhaite revenir sur la th\u00e9orie reli\u00e9e au sujet de cette rubrique. Pour ce faire, je vous propose d\u2019abord une courte lecture qui est un bon r\u00e9sum\u00e9 de ce qu\u2019est une difficult\u00e9 ou un trouble d\u2019apprentissage.<\/p>\n<hr size=\"2\" \/>\n<h1>La th\u00e9orie<\/h1>\n<h2>Les difficult\u00e9s et les troubles d\u2019apprentissage.<\/h2>\n<p>Transmis par l\u2019\u00e9quipe de la Clinique d\u2019\u00c9valuation Neuropsychologique et des Troubles d\u2019Apprentissage de Montr\u00e9al (<a href=\"http:\/\/www.centam.ca\/\" target=\"_blank\" rel=\"noopener\">www.centam.ca<\/a>), dirig\u00e9 par Dave Ellemberg, Ph.D.<\/p>\n<p><a href=\"https:\/\/www.laclassedelucie.com\/wp-content\/uploads\/2013\/09\/Capture-d\u2019\u00e9cran-2013-09-28-\u00e0-15.19.12.png\"><img loading=\"lazy\" decoding=\"async\" class=\"alignnone  wp-image-310\" src=\"https:\/\/www.laclassedelucie.com\/wp-content\/uploads\/2013\/09\/Capture-d\u2019\u00e9cran-2013-09-28-\u00e0-15.19.12.png\" alt=\"Capture d\u2019\u00e9cran 2013-09-28 \u00e0 15.19.12\" width=\"216\" height=\"176\" srcset=\"https:\/\/www.laclassedelucie.com\/wp-content\/uploads\/2013\/09\/Capture-d\u2019\u00e9cran-2013-09-28-\u00e0-15.19.12.png 360w, https:\/\/www.laclassedelucie.com\/wp-content\/uploads\/2013\/09\/Capture-d\u2019\u00e9cran-2013-09-28-\u00e0-15.19.12-300x245.png 300w\" sizes=\"auto, (max-width: 216px) 100vw, 216px\" \/><\/a><\/p>\n<h4>Qu\u2019est-ce qu\u2019un trouble d\u2019apprentissage ?<\/h4>\n<p>Un trouble d\u2019apprentissage correspond \u00e0 un dysfonctionnement pouvant affecter l\u2019acquisition, la compr\u00e9hension, l\u2019utilisation et le traitement de l\u2019information verbale ou non verbale.<\/p>\n<p>Les troubles d\u2019apprentissage peuvent \u00eatre li\u00e9s \u00e0 un fonctionnement partiel du cerveau plus difficile et de cause g\u00e9n\u00e9tique, neurologique ou suite \u00e0 un dommage c\u00e9r\u00e9bral. En aucun cas, ils peuvent \u00eatre en lien avec un manque de motivation, un enseignement inappropri\u00e9 ou \u00e0 des conditions socio\u00e9conomiques d\u00e9favoris\u00e9es, m\u00eame si ces diff\u00e9rents facteurs peuvent rendre l\u2019apprentissage encore plus ardu.<\/p>\n<p>Bien que la personne atteinte d\u2019un trouble d\u2019apprentissage ait de bonnes capacit\u00e9s intellectuelles, il en ressort des probl\u00e8mes tant au niveau scolaire, professionnel que social. Cette personne peut ressentir de r\u00e9elles difficult\u00e9s dans l\u2019ex\u00e9cution de certaines t\u00e2ches alors qu\u2019elle peut exceller dans d\u2019autres. Ceci n\u2019est donc pas li\u00e9 \u00e0 l\u2019intelligence mais bien \u00e0 une carence dans le traitement de l\u2019information et \u00e0 la pr\u00e9sence de troubles sp\u00e9cifiques.<\/p>\n<p>\u00ab L\u2019expression \u00ab troubles sp\u00e9cifiques \u00bb est un terme qui r\u00e9f\u00e8re \u00e0 un ensemble h\u00e9t\u00e9rog\u00e8ne de difficult\u00e9s persistantes. Les troubles sp\u00e9cifiques se manifestent par des difficult\u00e9s dans un ou plusieurs processus n\u00e9cessaires au d\u00e9veloppement, \u00e0 l\u2019utilisation ou \u00e0 la compr\u00e9hension du langage. \u00c0 cet \u00e9gard, les manifestations suivantes sont observables tant au niveau des apprentissages pr\u00e9vus dans le programme de fran\u00e7ais langue maternelle que de celui de math\u00e9matique :<\/p>\n<ul>\n<li>difficult\u00e9s au niveau de l\u2019habilet\u00e9 \u00e0 lire;<\/li>\n<li>difficult\u00e9s au niveau de l\u2019habilet\u00e9 \u00e0 \u00e9crire;<\/li>\n<li>difficult\u00e9s au niveau de l\u2019habilet\u00e9 \u00e0 communiquer oralement;<\/li>\n<li>difficult\u00e9s au niveau de la conceptualisation ou du raisonnement.<\/li>\n<\/ul>\n<p>\u00ab Ils peuvent consister en des difficult\u00e9s de nature constitutionnelle, souvent associ\u00e9es \u00e0 des formes diffuses de dysfonction neurologique, entra\u00eenant des d\u00e9ficits majeurs au chapitre de l\u2019attention, certaines difficult\u00e9s telles que la dyslexie, la dysorthographie, des probl\u00e8mes langagiers importants et des troubles auditifs centraux. (\u2026) \u00bb.<\/p>\n<h3>QUELLE EST LA DIFF\u00c9RENCE ENTRE UN TROUBLE D\u2019APPRENTISSAGE ET UNE DIFFICULT\u00c9 D\u2019APPRENTISSAGE ?<\/h3>\n<p>Les troubles d\u2019apprentissage sont g\u00e9n\u00e9ralement persistants et permanents. Ils ne sont pas li\u00e9s \u00e0 l\u2019intelligence de la personne et une intervention adapt\u00e9e est n\u00e9cessaire afin de s\u2019adapter et d\u2019am\u00e9liorer les troubles rencontr\u00e9s.<\/p>\n<p>Les difficult\u00e9s d\u2019apprentissage sont des obstacles \u00e0 l\u2019apprentissage qui sont g\u00e9n\u00e9ralement temporaires et peuvent \u00eatre en lien avec ce que la personne peut vivre comme des comportements inad\u00e9quats et des conditions socioaffectives difficiles. Lorsque le n\u00e9cessaire est fait afin d\u2019\u00e9liminer les \u00e9l\u00e9ments en cause, la personne retrouve g\u00e9n\u00e9ralement un niveau d\u2019apprentissage ad\u00e9quat.<\/p>\n<h3>POURQUOI UNE \u00c9VALUATION DES TROUBLES D\u2019APPRENTISSAGE ? QUE PEUT-ON FAIRE PAR LA SUITE ?<\/h3>\n<p>Les troubles rencontr\u00e9s perturbent l\u2019apprentissage et le comportement des personnes. On note alors des r\u00e9sultats faibles dans une ou plusieurs mati\u00e8res malgr\u00e9 un travail et un effort consid\u00e9rables. Dans ce cas, si l\u2019on n\u2019apporte pas les solutions ad\u00e9quates, les troubles d\u2019apprentissage peuvent parfois, chez les enfants, se traduire par des \u00e9checs scolaires. On pourra alors, dans certains cas, noter une baisse de l\u2019estime de soi, l\u2019enfant perdant confiance en lui et se consid\u00e9rant en de\u00e7\u00e0 de ses pairs. Ainsi, plut\u00f4t que de ressentir une certaine frustration par rapport aux difficult\u00e9s rencontr\u00e9es, les parents doivent l\u2019aider \u00e0 accro\u00eetre ses aptitudes.<\/p>\n<p>Un d\u00e9pistage rapide gr\u00e2ce \u00e0 une \u00e9valuation neuropsychologique appropri\u00e9e peut aider l\u2019enfant ou l\u2019adulte \u00e0 comprendre l\u2019origine de ses troubles d\u2019apprentissage. On pourra ainsi d\u00e9finir et pr\u00e9ciser la nature du trouble d\u2019apprentissage et apporter des solutions appropri\u00e9es. Il pourra ainsi s\u2019adapter et apprendra \u00e0 contourner ses faiblesses par l\u2019utilisation de ses forces. Ceci lui permettra alors de conna\u00eetre des succ\u00e8s aussi bien sur le plan scolaire, professionnel ou social et ainsi favoriser son estime de soi.<\/p>\n<p>Il est donc important de tenir compte du style d\u2019apprentissage qui ressortira de l\u2019\u00e9valuation neuropsychologique. Celle-ci permettra d\u2019orienter et d\u2019assurer la r\u00e9ussite de l\u2019aide apport\u00e9e gr\u00e2ce \u00e0 des interventions mises en place \u00e0 la maison, \u00e0 l\u2019\u00e9cole ou dans le milieu de travail. Cette aide peut passer par des accommodations (c.-\u00e0-d. am\u00e9nager le milieu scolaire ou professionnel au besoin de la personne, d\u00e9terminer des arrangements avec les enseignants afin d\u2019optimiser les chances de r\u00e9ussite de l\u2019enfant, \u2026) ou des r\u00e9\u00e9ducations (c.-\u00e0-d. aller chercher chez des professionnels les ressources n\u00e9cessaires).<\/p>\n<h3>QUELS PEUVENT \u00caTRE LES SIGNES D\u2019UN TROUBLE D\u2019APPRENTISSAGE ?<\/h3>\n<p>Les troubles d\u2019apprentissage sont remarqu\u00e9s par des retards dans le d\u00e9veloppement ou par un dysfonctionnement sur un ou plusieurs aspects neuropsychologiques tels:<\/p>\n<ul>\n<li>l\u2019attention<\/li>\n<li>la m\u00e9moire<\/li>\n<li>le raisonnement<\/li>\n<li>la conceptualisation<\/li>\n<li>la planification<\/li>\n<li>l\u2019organisation<\/li>\n<li>la vitesse de traitement ou d\u2019ex\u00e9cution<\/li>\n<li>la coordination<\/li>\n<li>la communication<\/li>\n<li>la lecture<\/li>\n<li>l\u2019\u00e9criture<\/li>\n<li>l\u2019orthographe<\/li>\n<li>le calcul.<\/li>\n<\/ul>\n<p>Il est cependant important de comprendre que les troubles d\u2019apprentissage n\u2019influent pas seulement sur les mati\u00e8res scolaires mais peuvent \u00e9galement avoir des r\u00e9percussions sur tous les aspects de la vie comme la relation avec les pairs, des difficult\u00e9s dans les activit\u00e9s ainsi que dans les capacit\u00e9s de communication.<\/p>\n<hr size=\"2\" \/>\n<h1>La pratique<\/h1>\n<h2><span style=\"text-decoration: underline;\">Interventions et outils<\/span><\/h2>\n<p><strong>L\u2019utilisation de la technologie dans nos pratiques p\u00e9dagogiques.<\/strong><\/p>\n<p>J\u2019ai eu la chance de vivre l\u2019exp\u00e9rience d\u2019avoir plusieurs \u00e9l\u00e8ves ayant une difficult\u00e9 grave d\u2019apprentissage ainsi que des \u00e9l\u00e8ves ayant un trouble du spectre de l\u2019autisme (TSA) ou un probl\u00e8me de comportement grave. Ces \u00e9l\u00e8ves avaient une capacit\u00e9 d\u2019attention limit\u00e9e et un besoin de soutien constant. L\u2019utilisation des technologies m\u2019a permis de mettre mon \u00e9nergie sur d\u2019autres \u00e9l\u00e8ves car cet outil favorisait l\u2019autonomie et la stimulation de ces deux \u00e9l\u00e8ves. Les g\u00e9n\u00e9rations actuelles apprennent diff\u00e9remment et je crois fermement que les nouvelles technologies apportent \u00e9norm\u00e9ment de positif dans la d\u00e9marche d\u2019apprentissage de l\u2019\u00e9l\u00e8ve.<\/p>\n<ol>\n<li>La neutralit\u00e9 de l\u2019outil informatique facilite la m\u00e9diation<br \/>\nL\u2019enfant accepte mieux les \u00ab jugements n\u00e9gatifs \u00bb de la machine sur son propre travail.<\/li>\n<li>L\u2019ordinateur est un outil de diff\u00e9renciation p\u00e9dagogique. Il offre aussi l\u2019immense avantage de la correction imm\u00e9diate et renforce par l\u00e0 l\u2019autonomie des \u00e9l\u00e8ves.<\/li>\n<li>La souplesse des outils num\u00e9riques facilite le travail de l\u2019apprentissage.<br \/>\nLe droit \u00e0 l\u2019erreur est au coeur du processus d\u2019apprentissage, il suppose la production, la possibilit\u00e9 de revenir sur ses erreurs.<br \/>\nLe num\u00e9rique rend possibles, faciles et ind\u00e9finies les corrections. Des chercheurs pensent qu\u2019il serait n\u00e9cessaire, pour certains des \u00e9l\u00e8ves, de leur apprendre imm\u00e9diatement l\u2019\u00e9criture par l\u2019ordinateur.<\/li>\n<li>Pour la quasi-totalit\u00e9 des enfants, les nouvelles technologies pr\u00e9sentent un avantage magique : la capacit\u00e9 d\u2019attention soutenue est fortement augment\u00e9e, du fait de l\u2019\u00e9cran, de l\u2019interactivit\u00e9.<\/li>\n<li>L\u2019univers informatique, en particulier logiciel, est un univers structur\u00e9. Il suppose que l\u2019on ob\u00e9isse \u00e0 un certain nombre de proc\u00e9dures, de l\u2019allumage \u00e0 l\u2019organisation logicielle. Ce caract\u00e8re joue un r\u00f4le positif : il impr\u00e8gne les enfants, \u00e0 condition que l\u2019usage soit r\u00e9gulier. Ainsi, l\u2019outil informatique introduit des effets structurants pour l\u2019enfant d\u00e9muni.<\/li>\n<li>L\u2019outil informatique permet \u00e0 l\u2019enfant de visualiser le processus mental qu\u2019il n\u2019arrive pas \u00e0 soutenir. L\u2019ordinateur devient un appareillage de la pens\u00e9e.<\/li>\n<\/ol>\n<p><a href=\"https:\/\/www.laclassedelucie.com\/wp-content\/uploads\/2013\/08\/journal.gif\"><img loading=\"lazy\" decoding=\"async\" class=\"alignnone  wp-image-168\" src=\"https:\/\/www.laclassedelucie.com\/wp-content\/uploads\/2013\/08\/journal.gif\" alt=\"journal\" width=\"116\" height=\"129\" \/><\/a><\/p>\n<h2>D\u00e9finition clinique:<\/h2>\n<p><a title=\"Difficult\u00e9 d'apprentissage\" href=\"http:\/\/www.centam.ca\/trouble_apprentissage.html\" target=\"_blank\" rel=\"noopener\">http:\/\/www.centam.ca\/trouble_apprentissage.html<\/a><\/p>\n<p><a title=\"Difficult\u00e9 d'apprentissage\" href=\"http:\/\/www.centam.ca\/trouble_apprentissage.html\" target=\"_blank\" rel=\"noopener\">\u00a0<\/a><\/p>\n<p><strong>Le programme Attentix d&rsquo;Alain Caron pour d\u00e9velopper l&rsquo;attention en classe et ainsi pr\u00e9venir les difficult\u00e9s d&rsquo;apprentissage.<\/strong><\/p>\n<p><a href=\"http:\/\/www.attentix.ca\/psychologie-enfant\/index.cfm\">http:\/\/www.attentix.ca\/psychologie-enfant\/index.cfm<\/a><\/p>\n<p><strong>Quelques strat\u00e9gies et gestes gagnants pour favoriser la r\u00e9ussite des \u00e9l\u00e8ves en lecture et dans d&rsquo;autres domaines.<\/strong><\/p>\n<ul>\n<li>Enseigner les strat\u00e9gies de fa\u00e7on explicite: modelage, pratique guid\u00e9e, pratique coop\u00e9rative, pratique autonome.<\/li>\n<li>Se donner une d\u00e9marche commune au niveau de l&rsquo;\u00e9cole et des points de rep\u00e8re communs tels que les crit\u00e8res d&rsquo;\u00e9valuation, les attentes de fin de cycle et les \u00e9chelles de niveau de comp\u00e9tence.<\/li>\n<li>Stimuler les \u00e9l\u00e8ves avant une lecture (mise en situation, activation des connaissances).<\/li>\n<li>Faire l&rsquo;objectivation avec les \u00e9l\u00e8ves de diff\u00e9rentes fa\u00e7ons et tout au long de la d\u00e9marche.<\/li>\n<li>Fr\u00e9quenter les biblioth\u00e8ques de l&rsquo;\u00e9cole et du quartier et faire des liens avec celles-ci.<\/li>\n<li>Valoriser les efforts, pas seulement les r\u00e9ussites.<\/li>\n<li>Donner des consignes simples et courtes.<\/li>\n<li>Utiliser des aide-m\u00e9moire lors de l&rsquo;\u00e9tude:<\/li>\n<\/ul>\n<table border=\"1\" cellspacing=\"1\" cellpadding=\"4\">\n<caption>L&rsquo;\u00e9tude active<\/caption>\n<tbody>\n<tr valign=\"top\">\n<td>Pour mieux apprendre mon vocabulaire:<\/p>\n<ul>\n<li>Je regarde le mot.<\/li>\n<li>Je s\u00e9pare le mot en syllabes.<\/li>\n<li>J&rsquo;\u00e9pelle le mot en l&rsquo;\u00e9crivant.<\/li>\n<li>Je cache le mot et je l&rsquo;\u00e9cris dans mon cahier.<\/li>\n<li>Mes parents peuvent me donner une dict\u00e9e.<\/li>\n<\/ul>\n<\/td>\n<td>Pour mieux apprendre mes tables:<\/p>\n<ul>\n<li>Je choisis un nombre restreint d&rsquo;\u00e9quations (+, -, X ou \u00f7), selon ce que j&rsquo;ai \u00e0 \u00e9tudier.<\/li>\n<li>Je les apprends par bloc de cinq.<\/li>\n<li>Je r\u00e9cite chacune des \u00e9quations de mon premier bloc en les regardant, en les disant et en les \u00e9crivant.<\/li>\n<li>Quand j&rsquo;ai termin\u00e9 mes blocs, je les transcris dans mon cahier.<\/li>\n<\/ul>\n<\/td>\n<\/tr>\n<tr valign=\"top\">\n<td>Pour mieux apprendre une r\u00e8gle de grammaire:<\/p>\n<ul>\n<li>Je regarde la r\u00e8gle en la disant et en l&rsquo;\u00e9crivant.<\/li>\n<li>J&rsquo;\u00e9cris la r\u00e8gle de m\u00e9moire dans mon cahier d&rsquo;\u00e9tude.<\/li>\n<li>Je formule des exemples afin de mieux int\u00e9grer la notion de grammaire.<\/li>\n<\/ul>\n<\/td>\n<td>Pour mieux int\u00e9grer une notion de math\u00e9matique:<\/p>\n<ul>\n<li>Je regarde la notion en la disant et en l&rsquo;\u00e9crivant.<\/li>\n<li>Je l&rsquo;explique dans mes mots \u00e0 une autre personne (parent, fr\u00e8re, soeur) en lui donnant un exemple.<\/li>\n<li>Lorsque je fais des exercices, je peux dire tout haut ma d\u00e9marche.<\/li>\n<\/ul>\n<\/td>\n<\/tr>\n<tr valign=\"top\">\n<td>Pour mieux retenir la nature des mots (noms, verbes, adjectifs, pronoms&#8230;)<\/p>\n<ul>\n<li>Je prends une liste de mots et je les regroupe par cat\u00e9gorie (noms, verbes, pronoms&#8230;).<\/li>\n<li>Je lis les mots \u00e0 haute voix en disant leur cat\u00e9gorie.<\/li>\n<li>J&rsquo;\u00e9cris les mots et leur cat\u00e9gorie dans mon cahier.<\/li>\n<li>Je compose des exemples.<\/li>\n<\/ul>\n<\/td>\n<td>Pour mieux int\u00e9grer mes apprentissages en religion, en univers social ou en sciences.<\/p>\n<ul>\n<li>Je compose des questions.<\/li>\n<li>Je fais des tableaux pour m&rsquo;aider \u00e0 apprendre.<\/li>\n<li>Je regarde, je dis et j&rsquo;\u00e9cris ce que j&rsquo;ai \u00e0 apprendre.<\/li>\n<li>J&rsquo;essaie de r\u00e9citer mes apprentissages dans mon cahier d&rsquo;\u00e9tude.<\/li>\n<\/ul>\n<\/td>\n<\/tr>\n<\/tbody>\n<\/table>\n<ul>\n<li>Pr\u00e9senter les objectifs d&rsquo;apprentissage aux \u00e9l\u00e8ves.<\/li>\n<li>Placer les \u00e9l\u00e8ves en projet d&rsquo;apprentissage.<\/li>\n<li>Faciliter l&rsquo;autocorrection.<\/li>\n<li>Aider les \u00e9l\u00e8ves \u00e0 se constituer des banques de strat\u00e9gies, un cahier de m\u00e9thodologie du travail intellectuel, etc.<\/li>\n<li>All\u00e9ger la t\u00e2che des \u00e9l\u00e8ves en difficult\u00e9, soit sur le plan de la longueur ou sur le plan de la complexit\u00e9 de la t\u00e2che.<\/li>\n<li>Ajuster les \u00e9ch\u00e9anciers en fonction de la vitesse d&rsquo;apprentissage des \u00e9l\u00e8ves.<\/li>\n<li>Enseigner par sous-groupes.<\/li>\n<li>Offrir des cliniques, des p\u00e9riodes \u00ab\u00a0rendez-vous\u00a0\u00bb aux \u00e9l\u00e8ves afin qu&rsquo;ils s&rsquo;inscrivent eux-m\u00eames aux explications de l&rsquo;enseignante.<\/li>\n<li>Avoir du mat\u00e9riel de manipulation en permanence dans la classe.<\/li>\n<li>Cr\u00e9er des dyades d&rsquo;entraide dans la classe, bas\u00e9es sur les comp\u00e9tences diff\u00e9rentes.<\/li>\n<\/ul>\n<h2>Dix raisons pour lesquelles un(e) enseignant(e) devrait lire \u00e0 ses \u00e9l\u00e8ves.<\/h2>\n<p>par Jerry L. Johns, Universit\u00e9 Northern Illinois<\/p>\n<ol>\n<li>Stimuler le d\u00e9veloppement du langage.<\/li>\n<li>Encourager le passage de la communication orale \u00e0 la communication \u00e9crite.<\/li>\n<li>D\u00e9montrer que la lecture apporte du plaisir.<\/li>\n<li>Indiquer que le langage \u00e9crit est une source de sens.<\/li>\n<li>Axer l&rsquo;int\u00e9r\u00eat sur des livres.<\/li>\n<li>Encourager l&rsquo;\u00e9change d&rsquo;id\u00e9es suite \u00e0 une lecture.<\/li>\n<li>Cr\u00e9er des attitudes positives face au langage \u00e9crit.<\/li>\n<li>Favoriser l&rsquo;\u00e9coute attentive.<\/li>\n<li>Servir de mod\u00e8le.<\/li>\n<li>\u00c9tablir une communication.<\/li>\n<\/ol>\n<h2><a href=\"https:\/\/www.laclassedelucie.com\/wp-content\/uploads\/2013\/08\/ordilecteur.jpg\"><img loading=\"lazy\" decoding=\"async\" class=\"alignnone  wp-image-179\" src=\"https:\/\/www.laclassedelucie.com\/wp-content\/uploads\/2013\/08\/ordilecteur.jpg\" alt=\"ordilecteur\" width=\"120\" height=\"120\" srcset=\"https:\/\/www.laclassedelucie.com\/wp-content\/uploads\/2013\/08\/ordilecteur.jpg 200w, https:\/\/www.laclassedelucie.com\/wp-content\/uploads\/2013\/08\/ordilecteur-150x150.jpg 150w\" sizes=\"auto, (max-width: 120px) 100vw, 120px\" \/><\/a><\/h2>\n<h2>Dix raisons pour lesquelles un(e) apprenant(e) devrait lire silencieusement tous les jours.<\/h2>\n<p>par Jerry L. Johns, Universit\u00e9 Northern Illinois<\/p>\n<ol>\n<li>D\u00e9velopper une habitude de lecture.<\/li>\n<li>Permettre la pratique de diverses techniques de lecture.<\/li>\n<li>Encourager l&rsquo;amour de la lecture.<\/li>\n<li>Rendre la lecture importante.<\/li>\n<li>Familiariser les apprenants \u00e0 divers types de discours.<\/li>\n<li>Encourager le choix appropri\u00e9 de textes.<\/li>\n<li>D\u00e9velopper le go\u00fbt de la lecture.<\/li>\n<li>Favoriser la libert\u00e9 de choix de textes \u00e0 lire.<\/li>\n<li>Cr\u00e9er une ambiance calme dans la classe.<\/li>\n<li>D\u00e9velopper le plaisir de lire.<\/li>\n<\/ol>\n","protected":false},"excerpt":{"rendered":"<p>Avant de plonger dans le vif du sujet, je souhaite revenir sur la th\u00e9orie reli\u00e9e au sujet de cette rubrique. Pour ce faire, je vous propose d\u2019abord une courte lecture qui est un bon r\u00e9sum\u00e9 de ce qu\u2019est une difficult\u00e9 ou un trouble d\u2019apprentissage. La th\u00e9orie Les difficult\u00e9s et les troubles d\u2019apprentissage. Transmis par l\u2019\u00e9quipe&hellip; <a class=\"more-link\" href=\"https:\/\/www.laclassedelucie.com\/?page_id=134\">Poursuivre la lecture <span class=\"screen-reader-text\">Les difficult\u00e9s d&rsquo;apprentissage<\/span><\/a><\/p>\n","protected":false},"author":2,"featured_media":0,"parent":131,"menu_order":0,"comment_status":"closed","ping_status":"open","template":"","meta":{"footnotes":""},"class_list":["post-134","page","type-page","status-publish","hentry","entry"],"_links":{"self":[{"href":"https:\/\/www.laclassedelucie.com\/index.php?rest_route=\/wp\/v2\/pages\/134","targetHints":{"allow":["GET"]}}],"collection":[{"href":"https:\/\/www.laclassedelucie.com\/index.php?rest_route=\/wp\/v2\/pages"}],"about":[{"href":"https:\/\/www.laclassedelucie.com\/index.php?rest_route=\/wp\/v2\/types\/page"}],"author":[{"embeddable":true,"href":"https:\/\/www.laclassedelucie.com\/index.php?rest_route=\/wp\/v2\/users\/2"}],"replies":[{"embeddable":true,"href":"https:\/\/www.laclassedelucie.com\/index.php?rest_route=%2Fwp%2Fv2%2Fcomments&post=134"}],"version-history":[{"count":8,"href":"https:\/\/www.laclassedelucie.com\/index.php?rest_route=\/wp\/v2\/pages\/134\/revisions"}],"predecessor-version":[{"id":507,"href":"https:\/\/www.laclassedelucie.com\/index.php?rest_route=\/wp\/v2\/pages\/134\/revisions\/507"}],"up":[{"embeddable":true,"href":"https:\/\/www.laclassedelucie.com\/index.php?rest_route=\/wp\/v2\/pages\/131"}],"wp:attachment":[{"href":"https:\/\/www.laclassedelucie.com\/index.php?rest_route=%2Fwp%2Fv2%2Fmedia&parent=134"}],"curies":[{"name":"wp","href":"https:\/\/api.w.org\/{rel}","templated":true}]}}