{"id":69,"date":"2013-08-14T18:51:51","date_gmt":"2013-08-14T22:51:51","guid":{"rendered":"http:\/\/www.laclassedelucie.com\/?page_id=69"},"modified":"2022-07-04T23:07:34","modified_gmt":"2022-07-04T23:07:34","slug":"la-technopedagogie","status":"publish","type":"page","link":"https:\/\/www.laclassedelucie.com\/?page_id=69","title":{"rendered":"La technop\u00e9dagogie"},"content":{"rendered":"<p><a href=\"https:\/\/www.laclassedelucie.com\/wp-content\/uploads\/2013\/08\/computerrepair.jpg\"><img loading=\"lazy\" decoding=\"async\" class=\"wp-image-161 aligncenter\" src=\"https:\/\/www.laclassedelucie.com\/wp-content\/uploads\/2013\/08\/computerrepair.jpg\" alt=\"computerrepair\" width=\"185\" height=\"189\" srcset=\"https:\/\/www.laclassedelucie.com\/wp-content\/uploads\/2013\/08\/computerrepair.jpg 442w, https:\/\/www.laclassedelucie.com\/wp-content\/uploads\/2013\/08\/computerrepair-294x300.jpg 294w\" sizes=\"auto, (max-width: 185px) 100vw, 185px\" \/><\/a><\/p>\n<p>J&rsquo;ai toujours aim\u00e9 les gadgets et la technologie occupe depuis plusieurs ann\u00e9es une place assez importante dans ma vie. Cependant, c&rsquo;est seulement apr\u00e8s quelques ann\u00e9es d&rsquo;enseignement que j&rsquo;ai d\u00e9couvert l&rsquo;apport de celle-ci dans une salle de classe gr\u00e2ce, entre autres, \u00e0 des coll\u00e8gues allum\u00e9s qui m&rsquo;ont transmis leur passion!<\/p>\n<p>La nouvelle g\u00e9n\u00e9ration form\u00e9e par nos \u00e9l\u00e8ves n&rsquo;est pas la n\u00f4tre. On n&rsquo;apprend plus comme en 1910, en 1950 ou en 1990. La \u00ab\u00a0g\u00e9n\u00e9ration piton\u00a0\u00bb, comme certains l&rsquo;appellent souvent (ou plus officiellement la g\u00e9n\u00e9ration C), a acc\u00e8s \u00e0 une banque infinie d&rsquo;informations gr\u00e2ce \u00e0 Internet et aux outils technologiques qui sont con\u00e7us chaque ann\u00e9e et qui sont de plus en plus performants. Malheureusement, les \u00e9l\u00e8ves sont mieux outill\u00e9s \u00e0 la maison qu&rsquo;\u00e0 l&rsquo;\u00e9cole et le monde scolaire est encore pratiquement le m\u00eame qu&rsquo;il y a 50 ans. Et que dire de la formation universitaire? Sommes-nous r\u00e9ellement pr\u00e9par\u00e9s \u00e0 enseigner aux \u00e9l\u00e8ves du 21\u00e8me si\u00e8cle?<\/p>\n<p>Dans cette section, je veux vous pr\u00e9senter des outils disponibles sur le web pour transformer votre mani\u00e8re d&rsquo;enseigner et la rendre plus actuelle. Je souhaite aussi vous faire conna\u00eetre des liens issus de la recherche qui confirment que la technop\u00e9dagogie est une approche qui rejoint les \u00e9l\u00e8ves d&rsquo;aujourd&rsquo;hui.<\/p>\n<p>Mais tout d&rsquo;abord, qu&rsquo;est-ce que la techno-p\u00e9dagogie? Je vous invite \u00e0 lire cette d\u00e9finition tir\u00e9e du texte\u00a0La technop\u00e9dagogie d\u00e9mystifi\u00e9e\u00a0\u00e9crit par des membres de Percolab,\u00a0 une entreprise sociale qui accompagne les organisations et les personnes dans leurs projets d&rsquo;apprentissage, de changement et d&rsquo;innovation.<\/p>\n<p>(Site web:\u00a0<a href=\"http:\/\/www.percolab.com\/\">http:\/\/www.percolab.com<\/a>)<\/p>\n<p><em>\u00ab\u00a0La techno-p\u00e9dagogie est le domaine qui r\u00e9unit technologies et p\u00e9dagogie comme un ensemble de\u00a0 potentiels, au service de la transformation des modalit\u00e9s et des processus d&rsquo;apprentissage des individus et des organisations. Au coeur de ces pr\u00e9occupations et de ces d\u00e9marches, s&rsquo;inscrit une conversation riche et nuanc\u00e9e sur les liens \u00e9troits et complexes entre d&rsquo;une part, l&rsquo;usage et les possibilit\u00e9s des technologies et,\u00a0 d&rsquo;autre part, les diff\u00e9rents mod\u00e8les mentaux et les besoins identifi\u00e9s des syst\u00e8mes dans lesquels la technologie doit op\u00e9rer.\u00a0\u00bb<\/em><\/p>\n<p>Au fond, la technop\u00e9dagogie, c&rsquo;est enseigner avec des outils de la g\u00e9n\u00e9ration actuelle et faire en sorte que la technologie soit au service de l&rsquo;apprentisage.<\/p>\n<p><span style=\"text-decoration: underline;\">Les arguments th\u00e9oriques<\/span><\/p>\n<p>La technologie fait encore peur et est souvent la source de bien des pr\u00e9jug\u00e9s. Ainsi, vouloir l&rsquo;int\u00e9grer \u00e0 l&rsquo;enseignement fait na\u00eetre bien des questionnements dans la communaut\u00e9 \u00e9ducative, chez les parents et m\u00eame chez les \u00e9l\u00e8ves. Les enfants perdront-ils le go\u00fbt d&rsquo;\u00e9crire et de lire des livres? Est-ce que la technologie dans ma classe rendra mes \u00e9l\u00e8ves distraits? Quel sera mon r\u00f4le en tant qu&rsquo;\u00e9ducateur?<\/p>\n<p>Voici quelques liens qui disent mieux que moi les raisons pour lesquelles nous ne devrions pas craindre la technologie \u00e0 l&rsquo;\u00e9cole mais plut\u00f4t la souhaiter!<\/p>\n<ol>\n<li><a href=\"http:\/\/www.epi.asso.fr\/revue\/articles\/a0704b.htm\">http:\/\/www.epi.asso.fr\/revue\/articles\/a0704b.htm<\/a><\/li>\n<\/ol>\n<p><em>\u00ab\u00a0Pour innover au moyen des technologies, il faut d&rsquo;abord se pr\u00e9occuper des \u00e9l\u00e8ves et ensuite s&rsquo;occuper des outils.\u00a0\u00bb<\/em><\/p>\n<p>Une page bien document\u00e9e qui explique pourquoi la technologie est une plus-value \u00e0 l&rsquo;enseignement lorsqu&rsquo;elle est combin\u00e9e \u00e0 un changement de pratique.<\/p>\n<p>2. <a href=\"http:\/\/www.francoisguite.com\/\">http:\/\/www.francoisguite.com\/<\/a><\/p>\n<p><em>\u00ab\u00a0Les jeunes d\u00e9veloppent dans les m\u00e9dias sociaux des comp\u00e9tences que l\u2019\u00e9cole leur interdit. L\u2019int\u00e9gration scolaire des technologies de l\u2019information et de la cognition illustre une incoh\u00e9rence, en ce qu\u2019elle se fait dans le paradigme oblig\u00e9 de l\u2019enseignement. M\u00eame les plus technop\u00e9dagogiques ne le voient pas, tellement leur pens\u00e9e op\u00e8re dans un cadre institutionnel. L\u2019int\u00e9gration de ces instruments \u00e0 des fins \u00e9ducatives est d\u00e9j\u00e0 bien r\u00e9elle, sauf qu\u2019elle se fait malheureusement en marge de l\u2019\u00e9cole. Or, si l\u2019\u00e9cole ne sait comment int\u00e9grer les technologies de la cognition, celles-ci sauront int\u00e9grer l\u2019\u00e9cole.\u00a0\u00bb<\/em><\/p>\n<p>Un blogue d&rsquo;une grande profondeur r\u00e9flexive qui nous rappelle que le changement est l\u00e0 et qu&rsquo;il n&rsquo;en tient qu&rsquo;\u00e0 nous de suivre la vague ou d&rsquo;aller \u00e0 contre-courant!<\/p>\n<p><span style=\"text-decoration: underline;\">Quelques id\u00e9es, quelques outils&#8230;<\/span><\/p>\n<p>C\u00f4toyer des passionn\u00e9s en \u00e9ducation et \u00e9changer avec divers r\u00e9seaux sociaux m&rsquo;a permis de d\u00e9couvrir une panoplie d&rsquo;outils simples et accessibles que je ne connaissais pas.<\/p>\n<p><b>Fran\u00e7ais<\/b><\/p>\n<ul>\n<li style=\"font-weight: 400;\" aria-level=\"1\"><span style=\"font-weight: 400;\">Histoire collective avec Google docs<\/span><\/li>\n<li style=\"font-weight: 400;\" aria-level=\"1\"><span style=\"font-weight: 400;\">Les \u00e9l\u00e8ves deviennent de mini-profs et b\u00e2tissent une vid\u00e9o-le\u00e7on sur l\u2019application Educreations ou Explain Everything<\/span><\/li>\n<li style=\"font-weight: 400;\" aria-level=\"1\"><span style=\"font-weight: 400;\">Travailler la structure de texte avec l\u2019application Inspiration<\/span><\/li>\n<li style=\"font-weight: 400;\" aria-level=\"1\"><span style=\"font-weight: 400;\">B\u00e2tir des questions pour l\u2019application Trivia Crack ou Kahoot<\/span><\/li>\n<li style=\"font-weight: 400;\" aria-level=\"1\"><span style=\"font-weight: 400;\">Utiliser certaines applications pour la correction des textes: Antidote, Bescherelle, Bon Patron, etc.<\/span><\/li>\n<li style=\"font-weight: 400;\" aria-level=\"1\"><span style=\"font-weight: 400;\">Les \u00e9l\u00e8ves peuvent s\u2019enregistrer sur l\u2019application Dictaphone pour que j\u2019\u00e9value leur d\u00e9bit en lecture.<\/span><\/li>\n<li style=\"font-weight: 400;\" aria-level=\"1\"><span style=\"font-weight: 400;\">Je peux m\u2019enregistrer sur Educreations ou Explain Everything lorsque je corrige un texte et ensuite, les \u00e9l\u00e8ves \u00e9coutent ma vid\u00e9o et l\u2019utilisent pour s\u2019autocorriger.<\/span><\/li>\n<li style=\"font-weight: 400;\" aria-level=\"1\"><span style=\"font-weight: 400;\">Faire une BD sur Comic Life<\/span><\/li>\n<li style=\"font-weight: 400;\" aria-level=\"1\"><span style=\"font-weight: 400;\">Utiliser Quizlet ou Kahoot pour l\u2019\u00e9tude des mots de vocabulaire<\/span><\/li>\n<li style=\"font-weight: 400;\" aria-level=\"1\"><span style=\"font-weight: 400;\">Lecture de livres audio \u00e0 4 (avec un syst\u00e8me de branchement multiple) sur le iPad pour faire des cercles de lectures<\/span><\/li>\n<li aria-level=\"1\">\u00c9couter des capsules All\u00f4 prof et Youtube qui traitent de diff\u00e9rentes notions<\/li>\n<\/ul>\n<p><b>Math\u00e9matique<\/b><\/p>\n<ul>\n<li style=\"font-weight: 400;\" aria-level=\"1\"><span style=\"font-weight: 400;\">Projet de collecte de donn\u00e9es et statistiques en faisant un diagramme avec des applications comme Numbers ou Google Spreadsheet<\/span><\/li>\n<li style=\"font-weight: 400;\" aria-level=\"1\"><span style=\"font-weight: 400;\">Exercices sur Netmaths<\/span><\/li>\n<li style=\"font-weight: 400;\" aria-level=\"1\"><span style=\"font-weight: 400;\">Faire un projet Minecraft avec des d\u00e9fis de construction pour voir le p\u00e9rim\u00e8tre, l\u2019aire et le volume<\/span><\/li>\n<li style=\"font-weight: 400;\" aria-level=\"1\"><span style=\"font-weight: 400;\">Construire un plan d\u2019une pi\u00e8ce en respectant certaines dimensions et contraintes avec l\u2019application Magic Plan<\/span><\/li>\n<li style=\"font-weight: 400;\" aria-level=\"1\"><span style=\"font-weight: 400;\">Utiliser MathDuel, Le roi des maths pour travailler les tables de calculs et Shapes pour les solides et poly\u00e8dres.<\/span><\/li>\n<\/ul>\n<p><b>Science et technologie<\/b><\/p>\n<ul>\n<li style=\"font-weight: 400;\" aria-level=\"1\"><span style=\"font-weight: 400;\">Le projet de robotique et de programmation FLL<\/span><\/li>\n<li style=\"font-weight: 400;\" aria-level=\"1\"><span style=\"font-weight: 400;\">Utiliser l\u2019application Monster Physics pour illustrer certaines notions de physique<\/span><\/li>\n<li style=\"font-weight: 400;\" aria-level=\"1\"><span style=\"font-weight: 400;\">Utiliser l\u2019application Corps Humain pour illustrer certaines notions de biologie<\/span><\/li>\n<li style=\"font-weight: 400;\" aria-level=\"1\"><span style=\"font-weight: 400;\">Utiliser les vid\u00e9os de Youtube pour illustrer certaines notions scientifiques<\/span><\/li>\n<li aria-level=\"1\">Utiliser le site <a href=\"http:\/\/code.org\">code.org<\/a> pour apprendre les bases de la programmation<\/li>\n<\/ul>\n<p><b>G\u00e9ographie, histoire et \u00e9ducation \u00e0 la citoyennet\u00e9<\/b><\/p>\n<ul>\n<li style=\"font-weight: 400;\" aria-level=\"1\"><span style=\"font-weight: 400;\">Skype-myst\u00e8re pour int\u00e9grer les notions de g\u00e9ographie<\/span><\/li>\n<li style=\"font-weight: 400;\" aria-level=\"1\"><span style=\"font-weight: 400;\">Utiliser Google Maps ou Google Earth ainsi que l\u2019application Le Quiz des Capitales pour \u00e9tudier la g\u00e9ographie<\/span><\/li>\n<li style=\"font-weight: 400;\" aria-level=\"1\"><span style=\"font-weight: 400;\">Utiliser l\u2019application Back in Time pour l\u2019\u00e9tude de l\u2019histoire<\/span><\/li>\n<li style=\"font-weight: 400;\" aria-level=\"1\"><span style=\"font-weight: 400;\">Utiliser l\u2019application Geo Canada pour l\u2019\u00e9tude de la g\u00e9ographie canadienne<\/span><\/li>\n<li style=\"font-weight: 400;\" aria-level=\"1\"><span style=\"font-weight: 400;\">Faire une BD sur Comic Life pour illustrer la vie d\u2019une certaine \u00e9poque<\/span><\/li>\n<li style=\"font-weight: 400;\" aria-level=\"1\"><span style=\"font-weight: 400;\">Utiliser les projets du site <\/span><a href=\"http:\/\/www.recitus.qc.ca\/\"><span style=\"font-weight: 400;\">http:\/\/www.recitus.qc.ca\/<\/span><\/a><\/li>\n<\/ul>\n<p><b>\u00c9thique et culture religieuse<\/b><\/p>\n<ul>\n<li style=\"font-weight: 400;\" aria-level=\"1\"><span style=\"font-weight: 400;\">Discussions philosophiques sur les valeurs humaines et certains concepts comme l\u2019amour, l\u2019intimidation et la peur avec des films d\u2019animation sur le site de L\u2019ONF<\/span><\/li>\n<\/ul>\n<p><b>Art plastique<\/b><\/p>\n<ul>\n<li style=\"font-weight: 400;\" aria-level=\"1\"><span style=\"font-weight: 400;\">Projets artistiques avec le iPad avec les applications Pad \u00e0 Dessin, Pic Collage, NFB PixStop, etc.<\/span><\/li>\n<\/ul>\n","protected":false},"excerpt":{"rendered":"<p>J&rsquo;ai toujours aim\u00e9 les gadgets et la technologie occupe depuis plusieurs ann\u00e9es une place assez importante dans ma vie. Cependant, c&rsquo;est seulement apr\u00e8s quelques ann\u00e9es d&rsquo;enseignement que j&rsquo;ai d\u00e9couvert l&rsquo;apport de celle-ci dans une salle de classe gr\u00e2ce, entre autres, \u00e0 des coll\u00e8gues allum\u00e9s qui m&rsquo;ont transmis leur passion! La nouvelle g\u00e9n\u00e9ration form\u00e9e par nos&hellip; <a class=\"more-link\" href=\"https:\/\/www.laclassedelucie.com\/?page_id=69\">Poursuivre la lecture <span class=\"screen-reader-text\">La technop\u00e9dagogie<\/span><\/a><\/p>\n","protected":false},"author":2,"featured_media":0,"parent":51,"menu_order":0,"comment_status":"closed","ping_status":"open","template":"","meta":{"footnotes":""},"class_list":["post-69","page","type-page","status-publish","hentry","entry"],"_links":{"self":[{"href":"https:\/\/www.laclassedelucie.com\/index.php?rest_route=\/wp\/v2\/pages\/69","targetHints":{"allow":["GET"]}}],"collection":[{"href":"https:\/\/www.laclassedelucie.com\/index.php?rest_route=\/wp\/v2\/pages"}],"about":[{"href":"https:\/\/www.laclassedelucie.com\/index.php?rest_route=\/wp\/v2\/types\/page"}],"author":[{"embeddable":true,"href":"https:\/\/www.laclassedelucie.com\/index.php?rest_route=\/wp\/v2\/users\/2"}],"replies":[{"embeddable":true,"href":"https:\/\/www.laclassedelucie.com\/index.php?rest_route=%2Fwp%2Fv2%2Fcomments&post=69"}],"version-history":[{"count":16,"href":"https:\/\/www.laclassedelucie.com\/index.php?rest_route=\/wp\/v2\/pages\/69\/revisions"}],"predecessor-version":[{"id":499,"href":"https:\/\/www.laclassedelucie.com\/index.php?rest_route=\/wp\/v2\/pages\/69\/revisions\/499"}],"up":[{"embeddable":true,"href":"https:\/\/www.laclassedelucie.com\/index.php?rest_route=\/wp\/v2\/pages\/51"}],"wp:attachment":[{"href":"https:\/\/www.laclassedelucie.com\/index.php?rest_route=%2Fwp%2Fv2%2Fmedia&parent=69"}],"curies":[{"name":"wp","href":"https:\/\/api.w.org\/{rel}","templated":true}]}}